{"id":221,"date":"2020-09-03T00:31:08","date_gmt":"2020-09-02T22:31:08","guid":{"rendered":"https:\/\/ikaservices.forcinet.ma\/?page_id=221"},"modified":"2020-12-28T22:07:23","modified_gmt":"2020-12-28T21:07:23","slug":"contact-devis","status":"publish","type":"page","link":"https:\/\/ikaservices.forcinet.ma\/index.php\/contact-devis\/","title":{"rendered":"Contactez-Nous &#8211; Demander un Devis"},"content":{"rendered":"<div class=\"wpb-content-wrapper\"><p>[vc_row full_width=\u00a0\u00bbstretch_row\u00a0\u00bb full_height=\u00a0\u00bbyes\u00a0\u00bb css_animation=\u00a0\u00bbnone\u00a0\u00bb css=\u00a0\u00bb.vc_custom_1601290655225{background-image: url(https:\/\/ikaservices.forcinet.ma\/wp-content\/uploads\/2020\/09\/Page-devis-IKA-Services-1.jpg?id=227) !important;background-position: 0 0 !important;background-repeat: no-repeat !important;}\u00a0\u00bb][vc_column css_animation=\u00a0\u00bbnone\u00a0\u00bb width=\u00a0\u00bb1\/3&Prime;][vc_row_inner css=\u00a0\u00bb.vc_custom_1601246572827{margin-right: -10px !important;margin-left: -10px !important;border-top-width: -20px !important;background-color: rgba(255,255,255,0.8) !important;*background-color: rgb(255,255,255) !important;}\u00a0\u00bb][vc_column_inner][vc_column_text css=\u00a0\u00bb.vc_custom_1601288378674{padding-right: 20px !important;padding-left: 20px !important;}\u00a0\u00bb]<\/p>\n<h1 style=\"color: #044273; font-size: 26px; font-weight: bold;\">D\u00e9marrez votre projet maintenant<\/h1>\n<p style=\"text-align: justify; color: #6d6464; font-size: 16px;\">Vous cherchez une gestion cl\u00e9 en main de votre projet de construction, d&rsquo;am\u00e9nagement et de d\u00e9coration ?<\/p>\n<p>[\/vc_column_text][vc_btn title=\u00a0\u00bbPRENONS CONTACT\u00a0\u00bb style=\u00a0\u00bbcustom\u00a0\u00bb custom_background=\u00a0\u00bb#f15d45&Prime; custom_text=\u00a0\u00bb#ffffff\u00a0\u00bb shape=\u00a0\u00bbsquare\u00a0\u00bb css_animation=\u00a0\u00bbnone\u00a0\u00bb css=\u00a0\u00bb.vc_custom_1601290228256{margin-top: 5px !important;margin-left: 20px !important;}\u00a0\u00bb link=\u00a0\u00bburl:%23form|||\u00a0\u00bb][\/vc_column_inner][\/vc_row_inner][\/vc_column][vc_column width=\u00a0\u00bb1\/3&Prime;][\/vc_column][vc_column width=\u00a0\u00bb1\/3&Prime;][\/vc_column][\/vc_row][vc_row full_width=\u00a0\u00bbstretch_row\u00a0\u00bb css=\u00a0\u00bb.vc_custom_1609189552952{margin-top: 10px !important;background-color: #ffffff !important;}\u00a0\u00bb][vc_column width=\u00a0\u00bb2\/3&Prime; el_id=\u00a0\u00bbform\u00a0\u00bb]<div class=\"mgt-header-block clearfix text-left text-black wpb_content_element  mgt-header-block-style-1 mgt-header-texttransform-subheader  vc_custom_1597917927735\"><h3 class=\"mgt-header-block-title\">Demander une consultation ou devis gratuit<\/h3><p class=\"mgt-header-block-subtitle\">Contactez-Nous<\/p><div class=\"mgt-header-line\"><\/div><\/div>[vc_column_text]<\/p>\n<p style=\"text-align: justify;\">Contactez-nous par t\u00e9l, email ou en soumettons votre demande \u00e0 travers le formulaire afin d&rsquo;avoir une consultation gratuite ou devis pour vos projets de construction, am\u00e9nagement, r\u00e9novation et d\u00e9coration.<\/p>\n<p>[\/vc_column_text]\n<div class=\"wpcf7 no-js\" id=\"wpcf7-f224-o1\" lang=\"fr-FR\" dir=\"ltr\">\n<div class=\"screen-reader-response\"><p role=\"status\" aria-live=\"polite\" aria-atomic=\"true\"><\/p> <ul><\/ul><\/div>\n<form action=\"\/index.php\/wp-json\/wp\/v2\/pages\/221#wpcf7-f224-o1\" method=\"post\" class=\"wpcf7-form init\" aria-label=\"Formulaire de contact\" novalidate=\"novalidate\" data-status=\"init\">\n<div style=\"display: none;\">\n<input type=\"hidden\" name=\"_wpcf7\" value=\"224\" \/>\n<input type=\"hidden\" name=\"_wpcf7_version\" value=\"5.9.8\" \/>\n<input type=\"hidden\" name=\"_wpcf7_locale\" value=\"fr_FR\" \/>\n<input type=\"hidden\" name=\"_wpcf7_unit_tag\" value=\"wpcf7-f224-o1\" \/>\n<input type=\"hidden\" name=\"_wpcf7_container_post\" value=\"0\" \/>\n<input type=\"hidden\" name=\"_wpcf7_posted_data_hash\" value=\"\" \/>\n<\/div>\n<div class=\"row\">\n\t<div class=\"col-md-6\">\n\t\t<p>Pr\u00e9nom et Nom :\n\t\t<\/p>\n\t\t<p><span class=\"wpcf7-form-control-wrap\" data-name=\"your-name\"><input size=\"40\" maxlength=\"400\" class=\"wpcf7-form-control wpcf7-text wpcf7-validates-as-required\" aria-required=\"true\" aria-invalid=\"false\" value=\"\" type=\"text\" name=\"your-name\" \/><\/span>\n\t\t<\/p>\n\t\t<p>Email :\n\t\t<\/p>\n\t\t<p><span class=\"wpcf7-form-control-wrap\" data-name=\"your-email\"><input size=\"40\" maxlength=\"400\" class=\"wpcf7-form-control wpcf7-email wpcf7-validates-as-required wpcf7-text wpcf7-validates-as-email\" aria-required=\"true\" aria-invalid=\"false\" value=\"\" type=\"email\" name=\"your-email\" \/><\/span>\n\t\t<\/p>\n\t\t<p>T\u00e9l :\n\t\t<\/p>\n\t\t<p><span class=\"wpcf7-form-control-wrap\" data-name=\"ContactPhone\"><input size=\"40\" maxlength=\"400\" class=\"wpcf7-form-control wpcf7-tel wpcf7-validates-as-required wpcf7-text wpcf7-validates-as-tel\" aria-required=\"true\" aria-invalid=\"false\" placeholder=\"+212-663-07-65-64\" value=\"\" type=\"tel\" name=\"ContactPhone\" \/><\/span>\n\t\t<\/p>\n\t<\/div>\n\t<div class=\"col-md-6\">\n\t\t<p>Ville :\n\t\t<\/p>\n\t\t<p><span class=\"wpcf7-form-control-wrap\" data-name=\"your-city\"><input size=\"40\" maxlength=\"400\" class=\"wpcf7-form-control wpcf7-text\" aria-invalid=\"false\" value=\"\" type=\"text\" name=\"your-city\" \/><\/span>\n\t\t<\/p>\n\t\t<p>Type de Projet :\n\t\t<\/p>\n\t\t<p><span class=\"wpcf7-form-control-wrap\" data-name=\"your-company\"><input size=\"40\" maxlength=\"400\" class=\"wpcf7-form-control wpcf7-text\" aria-invalid=\"false\" value=\"\" type=\"text\" name=\"your-company\" \/><\/span>\n\t\t<\/p>\n\t\t<p>Horaire d'appel pr\u00e9f\u00e9r\u00e9 :\n\t\t<\/p>\n\t\t<p><span class=\"wpcf7-form-control-wrap\" data-name=\"Time\"><select class=\"wpcf7-form-control wpcf7-select\" aria-invalid=\"false\" name=\"Time\"><option value=\"S\u00e9lectionner...\">S\u00e9lectionner...<\/option><option value=\"8h-10h\">8h-10h<\/option><option value=\"10h-12h\">10h-12h<\/option><option value=\"12h-14h\">12h-14h<\/option><option value=\"14h-16h\">14h-16h<\/option><option value=\"16h-18h\">16h-18h<\/option><\/select><\/span>\n\t\t<\/p>\n\t<\/div>\n\t<div class=\"col-md-12\">\n\t\t<p>Devis \/ Consultation pour travaux de :\n\t\t<\/p>\n\t\t<p><span class=\"wpcf7-form-control-wrap\" data-name=\"your-subject\"><span class=\"wpcf7-form-control wpcf7-checkbox wpcf7-validates-as-required\"><span class=\"wpcf7-list-item first\"><input type=\"checkbox\" name=\"your-subject[]\" value=\"Construction\" \/><span class=\"wpcf7-list-item-label\">Construction<\/span><\/span><span class=\"wpcf7-list-item\"><input type=\"checkbox\" name=\"your-subject[]\" value=\"Am\u00e9nagement ou R\u00e9novation\" \/><span class=\"wpcf7-list-item-label\">Am\u00e9nagement ou R\u00e9novation<\/span><\/span><span class=\"wpcf7-list-item last\"><input type=\"checkbox\" name=\"your-subject[]\" value=\"D\u00e9coration\" \/><span class=\"wpcf7-list-item-label\">D\u00e9coration<\/span><\/span><\/span><\/span>\n\t\t<\/p>\n\t\t<p>Description du projet :\n\t\t<\/p>\n\t\t<p><span class=\"wpcf7-form-control-wrap\" data-name=\"your-description\"><textarea cols=\"40\" rows=\"10\" maxlength=\"2000\" class=\"wpcf7-form-control wpcf7-textarea\" aria-invalid=\"false\" name=\"your-description\"><\/textarea><\/span><input class=\"wpcf7-form-control wpcf7-submit has-spinner\" type=\"submit\" value=\"Soumettre\" \/>\n\t\t<\/p>\n\t<\/div>\n<\/div><div class=\"wpcf7-response-output\" aria-hidden=\"true\"><\/div>\n<\/form>\n<\/div>\n[\/vc_column][vc_column width=\u00a0\u00bb1\/3&Prime;][vc_row_inner][vc_column_inner]<div class=\"mgt-header-block clearfix text-left text-black wpb_content_element  mgt-header-block-style-1 mgt-header-texttransform-subheader  vc_custom_1597919966022\"><h3 class=\"mgt-header-block-title\"><\/h3><p class=\"mgt-header-block-subtitle\">NOS SERVICES<\/p><div class=\"mgt-header-line\"><\/div><\/div>[vc_raw_html]JTNDZGl2JTIwY2xhc3MlM0QlMjJ3aWRnZXQtZG93bmxvYWQtbGluay13cmFwcGVyJTIyJTNFJTBBJTNDZGl2JTNFJTNDaSUyMGNsYXNzJTNEJTIyZmFzJTIwZmEtaGFyZC1oYXQlMjIlM0UlM0MlMkZpJTNFJTBBJTNDJTJGZGl2JTNFJTBBJTNDZGl2JTIwY2xhc3MlM0QlMjJ3aWRnZXQtZG93bmxvYWQtZGV0YWlscyUyMiUzRSUwQSUzQ2RpdiUyMGNsYXNzJTNEJTIyd2lkZ2V0LWRvd25sb2FkLXRpdGxlJTIyJTNFJTNDYSUyMGhyZWYlM0QlMjJodHRwcyUzQSUyRiUyRnd3dy5pa2Etc2VydmljZXMubWElMkZpbmRleC5waHAlMkZjb25zdHJ1Y3Rpb24tYmV0b24tYm9pcyUyRiUyMiUzRUNvbnN0cnVjdGlvbiUzQyUyRmElM0UlM0MlMkZkaXYlM0UlMEElM0NkaXYlMjBjbGFzcyUzRCUyMndpZGdldC1kb3dubG9hZC1zdWJ0aXRsZSUyMiUzRWVuJTIwYiVDMyVBOXRvbiUyMG91JTIwZW4lMjBib2lzJTNDJTJGZGl2JTNFJTBBJTNDJTJGZGl2JTNFJTBBJTNDJTJGZGl2JTNFJTBBJTNDZGl2JTIwY2xhc3MlM0QlMjJ3aWRnZXQtZG93bmxvYWQtbGluay13cmFwcGVyJTIyJTNFJTBBJTNDZGl2JTIwY2xhc3MlM0QlMjJ3aWRnZXQtZG93bmxvYWQtaWNvbiUyMiUzRSUzQ2klMjBjbGFzcyUzRCUyMmZhcyUyMGZhLWxheWVyLWdyb3VwJTIyJTNFJTNDJTJGaSUzRSUwQSUzQyUyRmRpdiUzRSUwQSUzQ2RpdiUyMGNsYXNzJTNEJTIyd2lkZ2V0LWRvd25sb2FkLWRldGFpbHMlMjIlM0UlMEElM0NkaXYlMjBjbGFzcyUzRCUyMndpZGdldC1kb3dubG9hZC10aXRsZSUyMiUzRSUzQ2ElMjBocmVmJTNEJTIyaHR0cHMlM0ElMkYlMkZ3d3cuaWthLXNlcnZpY2VzLm1hJTJGaW5kZXgucGhwJTJGYW1lbmFnZW1lbnQtcmVub3ZhdGlvbiUyRiUyMiUzRUFtJUMzJUE5bmFnZW1lbnQlM0MlMkZhJTNFJTNDJTJGZGl2JTNFJTBBJTNDZGl2JTIwY2xhc3MlM0QlMjJ3aWRnZXQtZG93bmxvYWQtc3VidGl0bGUlMjIlM0VBZ2VuY2VtZW50JTIwZXQlMjBUcmF2YXV4JTIwZGl2ZXJzJTNDJTJGZGl2JTNFJTBBJTNDJTJGZGl2JTNFJTBBJTNDJTJGZGl2JTNFJTBBJTNDZGl2JTIwY2xhc3MlM0QlMjJ3aWRnZXQtZG93bmxvYWQtbGluay13cmFwcGVyJTIyJTNFJTBBJTNDZGl2JTIwY2xhc3MlM0QlMjJ3aWRnZXQtZG93bmxvYWQtaWNvbiUyMiUzRSUzQ2klMjBjbGFzcyUzRCUyMmZhcyUyMGZhLWhvbGx5LWJlcnJ5JTIyJTNFJTNDJTJGaSUzRSUwQSUzQyUyRmRpdiUzRSUwQSUzQ2RpdiUyMGNsYXNzJTNEJTIyd2lkZ2V0LWRvd25sb2FkLWRldGFpbHMlMjIlM0UlMEElM0NkaXYlMjBjbGFzcyUzRCUyMndpZGdldC1kb3dubG9hZC10aXRsZSUyMiUzRSUzQ2ElMjBocmVmJTNEJTIyaHR0cHMlM0ElMkYlMkZ3d3cuaWthLXNlcnZpY2VzLm1hJTJGaW5kZXgucGhwJTJGZGVjb3JhdGlvbi1pbnRlcmlldXJlLWV4dGVyaWV1cmUlMkYlMjIlM0VEJUMzJUE5Y29yYXRpb24lM0MlMkZhJTNFJTNDJTJGZGl2JTNFJTBBJTNDZGl2JTIwY2xhc3MlM0QlMjJ3aWRnZXQtZG93bmxvYWQtc3VidGl0bGUlMjIlM0VJbnQlQzMlQTlyaWV1cmUlMjBldCUyMGV4dCVDMyVBOXJpZXVyZSUzQyUyRmRpdiUzRSUwQSUzQyUyRmRpdiUzRSUwQSUzQyUyRmRpdiUzRQ==[\/vc_raw_html][\/vc_column_inner][\/vc_row_inner][vc_row_inner][vc_column_inner][vc_raw_html]JTVCbWd0X3Byb21vX2Jsb2NrX3dwJTIwYmFja2dyb3VuZF9pbWFnZV9pZCUzRCUyMjQ1OCUyMiUyMGNvdmVyaW1hZ2UlM0QlMjIxJTIyJTIwYmxvY2tfd2lkdGglM0QlMjIxMDAlMjUlMjIlMjBibG9ja19oZWlnaHQlM0QlMjIyMDBweCUyMiUyMGNvbnRlbnRfdmElM0QlMjJ0b3AlMjIlMjBkYXJrZW5fb3ZlcmxheV9jb2xvciUzRCUyMiUyM2ZiYmUzZiUyMiUyMGFuaW1hdGVkX292ZXJsYXlfY29sb3IlM0QlMjJyZ2JhJTI4MjU1JTJDMjU1JTJDMjU1JTJDMC43MyUyOSUyMiUyMHRleHRfY29sb3IlM0QlMjJibGFjayUyMiUyMGJ1dHRvbl91cmwlM0QlMjJtYWlsdG8lM0Fjb250YWN0JTQwaWthcy5tYSU3Q3RpdGxlJTNBJTIwSUtBJTIwU2VydmljZXMlMjBlc3QlMjBsJUMzJUEwJTIwcG91ciUyMHZvdXMlN0MlMjIlMjBidXR0b25fc3R5bGUlM0QlMjJzb2xpZC1pbnZlcnQlMjIlMjBob3Zlcl9lZmZlY3QlM0QlMjJib3VuY2UtdG8tcmlnaHQlMjIlMjBidXR0b25fdGV4dF9zaXplJTNEJTIyc21hbGwlMjIlMjB0ZXh0X3RyYW5mb3JtJTNEJTIydXBwZXJjYXNlJTIyJTIwYnV0dG9uX2FsaWduJTNEJTIybGVmdCUyMiUyMGJ1dHRvbl90b3BfbWFyZ2luJTNEJTIyZW5hYmxlJTIyJTIwdW5pcXVlX2Jsb2NrX2lkJTNEJTIyNzkyOTAwMTg2NjMlMjIlNUQlMEElMEElM0NoMyUzRVZvdXMlMjBhdmV6JTIwZGVzJTBBcXVlc3Rpb25zJTIwJTNGJTNDJTJGaDMlM0UlMEElMEElM0NwJTNFJUMzJTg5Y2hhbmdlb25zJTIwc3VyJTIwdm9zJTIwcHJvamV0cyUyMGRlJTIwY29uc3RydWN0aW9uJTJDJTIwYW0lQzMlQTluYWdlbWVudCUyMGV0JTIwZCVDMyVBOWNvcmF0aW9uLiUzQyUyRnAlM0UlNUIlMkZtZ3RfcHJvbW9fYmxvY2tfd3AlNUQ=[\/vc_raw_html][\/vc_column_inner][\/vc_row_inner]<div class=\"mgt-header-block clearfix text-left text-black wpb_content_element  mgt-header-block-style-1 mgt-header-texttransform-subheader  vc_custom_1597929112102\"><h3 class=\"mgt-header-block-title\"><\/h3><p class=\"mgt-header-block-subtitle\">NOTRE CONTACT<\/p><div class=\"mgt-header-line\"><\/div><\/div>[vc_column_text]<\/p>\n<p><strong>T\u00e9l :<\/strong> <a href=\"tel:00212663076564\">+212 (0) 663 07 65 64<\/a><\/p>\n<p><strong>Email :<\/strong> <a href=\"mailto:contact@ika-services.ma\">contact@ika-services.ma<\/a><\/p>\n<p><strong>Adresse :<\/strong> Centre Riad 61 Angle Av Lalla Yacout &amp; Mostapha El Maani Etg 2 N\u00b069 Casablanca &#8211; Maroc<\/p>\n<p>[\/vc_column_text][\/vc_column][\/vc_row]<\/p>\n<\/div>","protected":false},"excerpt":{"rendered":"<p>[vc_row full_width=\u00a0\u00bbstretch_row\u00a0\u00bb full_height=\u00a0\u00bbyes\u00a0\u00bb css_animation=\u00a0\u00bbnone\u00a0\u00bb css=\u00a0\u00bb.vc_custom_1601290655225{background-image: url(https:\/\/ikaservices.forcinet.ma\/wp-content\/uploads\/2020\/09\/Page-devis-IKA-Services-1.jpg?id=227) !important;background-position: 0 0 !important;background-repeat: no-repeat !important;}\u00a0\u00bb][vc_column css_animation=\u00a0\u00bbnone\u00a0\u00bb width=\u00a0\u00bb1\/3&Prime;][vc_row_inner css=\u00a0\u00bb.vc_custom_1601246572827{margin-right: -10px !important;margin-left: -10px !important;border-top-width: -20px !important;background-color: rgba(255,255,255,0.8) !important;*background-color: rgb(255,255,255) !important;}\u00a0\u00bb][vc_column_inner][vc_column_text css=\u00a0\u00bb.vc_custom_1601288378674{padding-right: 20px !important;padding-left: 20px !important;}\u00a0\u00bb]&#8230;<\/p>\n","protected":false},"author":1,"featured_media":0,"parent":0,"menu_order":0,"comment_status":"closed","ping_status":"closed","template":"","meta":{"footnotes":""},"class_list":["post-221","page","type-page","status-publish","hentry"],"yoast_head":"<!-- This site is optimized with the Yoast SEO plugin v23.4 - https:\/\/yoast.com\/wordpress\/plugins\/seo\/ -->\n<title>Contactez-Nous et Demandez un Devis Gratuit | IKA Services<\/title>\n<meta name=\"description\" content=\"Prenons contact en ligne, t\u00e9l our par email pour avoir un devis gratuit pour vos projets de construction, am\u00e9nagement et d\u00e9coration.\" \/>\n<meta name=\"robots\" content=\"index, follow, max-snippet:-1, max-image-preview:large, max-video-preview:-1\" \/>\n<link rel=\"canonical\" href=\"https:\/\/ikaservices.forcinet.ma\/index.php\/contact-devis\/\" \/>\n<meta property=\"og:locale\" content=\"fr_FR\" \/>\n<meta property=\"og:type\" content=\"article\" \/>\n<meta property=\"og:title\" content=\"Contactez-Nous et Demandez un Devis Gratuit | IKA Services\" \/>\n<meta property=\"og:description\" content=\"Prenons contact en ligne, t\u00e9l our par email pour avoir un devis gratuit pour vos projets de construction, am\u00e9nagement et d\u00e9coration.\" \/>\n<meta property=\"og:url\" content=\"https:\/\/ikaservices.forcinet.ma\/index.php\/contact-devis\/\" \/>\n<meta property=\"og:site_name\" content=\"IKA Services\" \/>\n<meta property=\"article:modified_time\" content=\"2020-12-28T21:07:23+00:00\" \/>\n<meta property=\"og:image\" content=\"https:\/\/ikaservices.forcinet.ma\/wp-content\/uploads\/2020\/09\/Decoration-Slider-Pic-1-2.jpg\" \/>\n\t<meta property=\"og:image:width\" content=\"1000\" \/>\n\t<meta property=\"og:image:height\" content=\"568\" \/>\n\t<meta property=\"og:image:type\" content=\"image\/jpeg\" \/>\n<meta name=\"twitter:card\" content=\"summary_large_image\" \/>\n<meta name=\"twitter:title\" content=\"Contactez-Nous et Demandez un Devis Gratuit | IKA Services\" \/>\n<meta name=\"twitter:description\" content=\"Prenons contact en ligne, t\u00e9l our par email pour avoir un devis gratuit pour vos projets de construction, am\u00e9nagement et d\u00e9coration.\" \/>\n<meta name=\"twitter:image\" content=\"https:\/\/ikaservices.forcinet.ma\/wp-content\/uploads\/2020\/09\/Decoration-Slider-Pic-1-1.jpg\" \/>\n<meta name=\"twitter:label1\" content=\"Dur\u00e9e de lecture estim\u00e9e\" \/>\n\t<meta name=\"twitter:data1\" content=\"3 minutes\" \/>\n<script type=\"application\/ld+json\" class=\"yoast-schema-graph\">{\"@context\":\"https:\/\/schema.org\",\"@graph\":[{\"@type\":\"WebPage\",\"@id\":\"https:\/\/ikaservices.forcinet.ma\/index.php\/contact-devis\/\",\"url\":\"https:\/\/ikaservices.forcinet.ma\/index.php\/contact-devis\/\",\"name\":\"Contactez-Nous et Demandez un Devis Gratuit | IKA Services\",\"isPartOf\":{\"@id\":\"https:\/\/ikaservices.forcinet.ma\/#website\"},\"datePublished\":\"2020-09-02T22:31:08+00:00\",\"dateModified\":\"2020-12-28T21:07:23+00:00\",\"description\":\"Prenons contact en ligne, t\u00e9l our par email pour avoir un devis gratuit pour vos projets de construction, am\u00e9nagement et d\u00e9coration.\",\"inLanguage\":\"fr-FR\",\"potentialAction\":[{\"@type\":\"ReadAction\",\"target\":[\"https:\/\/ikaservices.forcinet.ma\/index.php\/contact-devis\/\"]}]},{\"@type\":\"WebSite\",\"@id\":\"https:\/\/ikaservices.forcinet.ma\/#website\",\"url\":\"https:\/\/ikaservices.forcinet.ma\/\",\"name\":\"IKA Services\",\"description\":\"Construction, Am\u00e9nagement &amp; D\u00e9coration\",\"potentialAction\":[{\"@type\":\"SearchAction\",\"target\":{\"@type\":\"EntryPoint\",\"urlTemplate\":\"https:\/\/ikaservices.forcinet.ma\/?s={search_term_string}\"},\"query-input\":{\"@type\":\"PropertyValueSpecification\",\"valueRequired\":true,\"valueName\":\"search_term_string\"}}],\"inLanguage\":\"fr-FR\"}]}<\/script>\n<!-- \/ Yoast SEO plugin. -->","yoast_head_json":{"title":"Contactez-Nous et Demandez un Devis Gratuit | IKA Services","description":"Prenons contact en ligne, t\u00e9l our par email pour avoir un devis gratuit pour vos projets de construction, am\u00e9nagement et d\u00e9coration.","robots":{"index":"index","follow":"follow","max-snippet":"max-snippet:-1","max-image-preview":"max-image-preview:large","max-video-preview":"max-video-preview:-1"},"canonical":"https:\/\/ikaservices.forcinet.ma\/index.php\/contact-devis\/","og_locale":"fr_FR","og_type":"article","og_title":"Contactez-Nous et Demandez un Devis Gratuit | IKA Services","og_description":"Prenons contact en ligne, t\u00e9l our par email pour avoir un devis gratuit pour vos projets de construction, am\u00e9nagement et d\u00e9coration.","og_url":"https:\/\/ikaservices.forcinet.ma\/index.php\/contact-devis\/","og_site_name":"IKA Services","article_modified_time":"2020-12-28T21:07:23+00:00","og_image":[{"width":1000,"height":568,"url":"https:\/\/ikaservices.forcinet.ma\/wp-content\/uploads\/2020\/09\/Decoration-Slider-Pic-1-2.jpg","type":"image\/jpeg"}],"twitter_card":"summary_large_image","twitter_title":"Contactez-Nous et Demandez un Devis Gratuit | IKA Services","twitter_description":"Prenons contact en ligne, t\u00e9l our par email pour avoir un devis gratuit pour vos projets de construction, am\u00e9nagement et d\u00e9coration.","twitter_image":"https:\/\/ikaservices.forcinet.ma\/wp-content\/uploads\/2020\/09\/Decoration-Slider-Pic-1-1.jpg","twitter_misc":{"Dur\u00e9e de lecture estim\u00e9e":"3 minutes"},"schema":{"@context":"https:\/\/schema.org","@graph":[{"@type":"WebPage","@id":"https:\/\/ikaservices.forcinet.ma\/index.php\/contact-devis\/","url":"https:\/\/ikaservices.forcinet.ma\/index.php\/contact-devis\/","name":"Contactez-Nous et Demandez un Devis Gratuit | IKA Services","isPartOf":{"@id":"https:\/\/ikaservices.forcinet.ma\/#website"},"datePublished":"2020-09-02T22:31:08+00:00","dateModified":"2020-12-28T21:07:23+00:00","description":"Prenons contact en ligne, t\u00e9l our par email pour avoir un devis gratuit pour vos projets de construction, am\u00e9nagement et d\u00e9coration.","inLanguage":"fr-FR","potentialAction":[{"@type":"ReadAction","target":["https:\/\/ikaservices.forcinet.ma\/index.php\/contact-devis\/"]}]},{"@type":"WebSite","@id":"https:\/\/ikaservices.forcinet.ma\/#website","url":"https:\/\/ikaservices.forcinet.ma\/","name":"IKA Services","description":"Construction, Am\u00e9nagement &amp; D\u00e9coration","potentialAction":[{"@type":"SearchAction","target":{"@type":"EntryPoint","urlTemplate":"https:\/\/ikaservices.forcinet.ma\/?s={search_term_string}"},"query-input":{"@type":"PropertyValueSpecification","valueRequired":true,"valueName":"search_term_string"}}],"inLanguage":"fr-FR"}]}},"_links":{"self":[{"href":"https:\/\/ikaservices.forcinet.ma\/index.php\/wp-json\/wp\/v2\/pages\/221"}],"collection":[{"href":"https:\/\/ikaservices.forcinet.ma\/index.php\/wp-json\/wp\/v2\/pages"}],"about":[{"href":"https:\/\/ikaservices.forcinet.ma\/index.php\/wp-json\/wp\/v2\/types\/page"}],"author":[{"embeddable":true,"href":"https:\/\/ikaservices.forcinet.ma\/index.php\/wp-json\/wp\/v2\/users\/1"}],"replies":[{"embeddable":true,"href":"https:\/\/ikaservices.forcinet.ma\/index.php\/wp-json\/wp\/v2\/comments?post=221"}],"version-history":[{"count":22,"href":"https:\/\/ikaservices.forcinet.ma\/index.php\/wp-json\/wp\/v2\/pages\/221\/revisions"}],"predecessor-version":[{"id":223,"href":"https:\/\/ikaservices.forcinet.ma\/index.php\/wp-json\/wp\/v2\/pages\/221\/revisions\/223"}],"wp:attachment":[{"href":"https:\/\/ikaservices.forcinet.ma\/index.php\/wp-json\/wp\/v2\/media?parent=221"}],"curies":[{"name":"wp","href":"https:\/\/api.w.org\/{rel}","templated":true}]}}