{"id":155,"date":"2020-09-02T22:08:55","date_gmt":"2020-09-02T20:08:55","guid":{"rendered":"https:\/\/ikaservices.forcinet.ma\/?page_id=155"},"modified":"2020-12-28T22:31:42","modified_gmt":"2020-12-28T21:31:42","slug":"ikas-construction-amenagement-et-decoration","status":"publish","type":"page","link":"https:\/\/ikaservices.forcinet.ma\/","title":{"rendered":"IKA Services &#8211; Construction, Am\u00e9nagement et D\u00e9coration"},"content":{"rendered":"<div class=\"wpb-content-wrapper\"><p>[vc_row full_width=\u00a0\u00bbstretch_row\u00a0\u00bb full_height=\u00a0\u00bbyes\u00a0\u00bb css=\u00a0\u00bb.vc_custom_1601238909406{padding-bottom: -40px !important;background-image: url(https:\/\/ikaservices.forcinet.ma\/wp-content\/uploads\/2020\/09\/Homepage-picture-mask-IKA-Services-1.jpg?id=159) !important;background-position: center !important;background-repeat: no-repeat !important;background-size: cover !important;}\u00a0\u00bb][vc_column parallax=\u00a0\u00bbcontent-moving\u00a0\u00bb parallax_speed_bg=\u00a0\u00bb2&Prime; css_animation=\u00a0\u00bbbottom-to-top\u00a0\u00bb css=\u00a0\u00bb.vc_custom_1601223144300{margin-top: 40px !important;}\u00a0\u00bb][vc_column_text]<\/p>\n<p style=\"color: #f15d45; font-size: 22px;\">IKA Services<\/p>\n<p>[\/vc_column_text][vc_column_text]<\/p>\n<p style=\"color: #ffffff; font-size: 40px; text-transform: uppercase; font-weight: 300;\">Optez pour nos Solutions Cl\u00e9 en Main<\/p>\n<p style=\"color: #ffffff; font-size: 30px; font-weight: 200;\">Construction. Am\u00e9nagement. D\u00e9coration.<\/p>\n<p>[\/vc_column_text][vc_btn title=\u00a0\u00bbNos Services\u00a0\u00bb style=\u00a0\u00bbcustom\u00a0\u00bb custom_background=\u00a0\u00bb#f15d45&Prime; custom_text=\u00a0\u00bb#ffffff\u00a0\u00bb shape=\u00a0\u00bbsquare\u00a0\u00bb css_animation=\u00a0\u00bbbounceInDown\u00a0\u00bb link=\u00a0\u00bburl:%23services|||\u00a0\u00bb][\/vc_column][\/vc_row][vc_row full_width=\u00a0\u00bbstretch_row_content_no_spaces\u00a0\u00bb css=\u00a0\u00bb.vc_custom_1601238922046{margin-top: -5px !important;}\u00a0\u00bb][vc_column][vc_separator color=\u00a0\u00bbcustom\u00a0\u00bb border_width=\u00a0\u00bb10&Prime; accent_color=\u00a0\u00bb#f15d45&Prime;][\/vc_column][\/vc_row][vc_row][vc_column]<div class=\"mgt-cta-block clearfix black-text with-text no-side-paddings wpb_content_element\" data-style=\"background-color: #ffffff;\"><div class=\"mgt-button-wrapper mgt-button-wrapper-align-right mgt-button-wrapper-display-newline mgt-button-top-margin-disable\"><a class=\"btn hvr-bounce-to-right mgt-button mgt-style-solid mgt-size-normal mgt-align-right mgt-display-newline mgt-text-size-normal mgt-button-icon-position-right mgt-text-transform-uppercase \" href=\"https:\/\/ikaservices.forcinet.ma\/index.php\/contact-devis\/\">Demander une consultation gratuite<i class=\"fa fa-user-tie\"><\/i><\/a><\/div><h5 class=\"mgt-cta-block-header\">IKA Services - Construction. Am\u00e9nagement. D\u00e9coration<\/h5><div class=\"mgt-cta-block-content\"><\/p>\n<p style=\"text-align: justify\">Optez pour une r\u00e9alisation cl\u00e9 en main de vos projet de Construction en b\u00e9ton ou en bois, d&rsquo;Am\u00e9nagement de vos espaces professionnels et immobiliers et de D\u00e9coration int\u00e9rieure et ext\u00e9rieure.<\/p>\n<p><\/div><\/div>[\/vc_column][\/vc_row][vc_row full_width=\u00a0\u00bbstretch_row\u00a0\u00bb css=\u00a0\u00bb.vc_custom_1609191079424{padding-top: 50px !important;padding-bottom: 50px !important;background-color: #f5f5f5 !important;}\u00a0\u00bb el_id=\u00a0\u00bbservices\u00a0\u00bb][vc_column width=\u00a0\u00bb1\/4&Prime; el_id=\u00a0\u00bbservices\u00a0\u00bb][vc_single_image image=\u00a0\u00bb171&Prime; img_size=\u00a0\u00bb280&#215;250&Prime; css=\u00a0\u00bb.vc_custom_1601236990806{margin-bottom: -2px !important;}\u00a0\u00bb][vc_row_inner gap=\u00a0\u00bb5&Prime; css=\u00a0\u00bb.vc_custom_1601228716152{margin-right: 0px !important;margin-left: 0px !important;padding-right: 13px !important;padding-left: 13px !important;background-color: #044273 !important;}\u00a0\u00bb][vc_column_inner][vc_column_text css=\u00a0\u00bb.vc_custom_1601224332001{background-position: center !important;background-repeat: no-repeat !important;background-size: contain !important;}\u00a0\u00bb]<\/p>\n<h3 style=\"text-align: left; color: #ffffff;\">CONSTRUCTION<\/h3>\n<h2 style=\"text-align: left; font-size: 13px; color: #b8b8b8;\"><i>IKA Services<\/i><\/h2>\n<p style=\"text-align: justify; color: #b8b8b8;\">Nous assurons la construction de votre b\u00e2timent de bout en bout en b\u00e9ton comme en bois et d&rsquo;autres mat\u00e9riaux.<\/p>\n<p>[\/vc_column_text][vc_column_text css=\u00a0\u00bb.vc_custom_1607077438060{background-position: center !important;background-repeat: no-repeat !important;background-size: contain !important;}\u00a0\u00bb]<\/p>\n<p style=\"text-align: justify; color: #f15d45; hover-color: #ffffff; text-transform: uppercase;\"><a href=\"https:\/\/ikaservices.forcinet.ma\/index.php\/construction-beton-bois\/\">Plus de d\u00e9tails <i class=\"fas fa-arrow-right\"><\/i><\/a><\/p>\n<p>[\/vc_column_text][\/vc_column_inner][\/vc_row_inner][\/vc_column][vc_column width=\u00a0\u00bb1\/4&Prime;][vc_single_image image=\u00a0\u00bb162&Prime; img_size=\u00a0\u00bb280&#215;250&Prime; css=\u00a0\u00bb.vc_custom_1601237334768{margin-bottom: -2px !important;}\u00a0\u00bb][vc_row_inner gap=\u00a0\u00bb5&Prime; css=\u00a0\u00bb.vc_custom_1601228716152{margin-right: 0px !important;margin-left: 0px !important;padding-right: 13px !important;padding-left: 13px !important;background-color: #044273 !important;}\u00a0\u00bb][vc_column_inner][vc_column_text css=\u00a0\u00bb.vc_custom_1601237921266{background-position: center !important;background-repeat: no-repeat !important;background-size: contain !important;}\u00a0\u00bb]<\/p>\n<h3 style=\"text-align: left; color: #ffffff;\">AM\u00c9NAGEMENT<\/h3>\n<h2 style=\"text-align: left; font-size: 13px; color: #b8b8b8;\"><i>IKA Services<\/i><\/h2>\n<p style=\"text-align: justify; color: #b8b8b8;\">Pour vos espaces de travail, de divertissement ou autres, nous r\u00e9alisons tous les travaux d&rsquo;am\u00e9nagements n\u00e9cessaires.<\/p>\n<p>[\/vc_column_text][vc_column_text css=\u00a0\u00bb.vc_custom_1607077456874{background-position: center !important;background-repeat: no-repeat !important;background-size: contain !important;}\u00a0\u00bb]<\/p>\n<p style=\"text-align: justify; color: #f15d45; hover-color: #ffffff; text-transform: uppercase;\"><a href=\"https:\/\/ikaservices.forcinet.ma\/index.php\/amenagement-renovation\/\">Plus de d\u00e9tails <i class=\"fas fa-arrow-right\"><\/i><\/a><\/p>\n<p>[\/vc_column_text][\/vc_column_inner][\/vc_row_inner][\/vc_column][vc_column width=\u00a0\u00bb1\/4&Prime;][vc_single_image image=\u00a0\u00bb163&Prime; img_size=\u00a0\u00bb280&#215;250&Prime; css=\u00a0\u00bb.vc_custom_1601237399271{margin-bottom: -2px !important;}\u00a0\u00bb][vc_row_inner gap=\u00a0\u00bb5&Prime; css=\u00a0\u00bb.vc_custom_1601228716152{margin-right: 0px !important;margin-left: 0px !important;padding-right: 13px !important;padding-left: 13px !important;background-color: #044273 !important;}\u00a0\u00bb][vc_column_inner][vc_column_text css=\u00a0\u00bb.vc_custom_1601238042376{background-position: center !important;background-repeat: no-repeat !important;background-size: contain !important;}\u00a0\u00bb]<\/p>\n<h3 style=\"text-align: left; color: #ffffff;\">D\u00c9CORATION<\/h3>\n<h2 style=\"text-align: left; font-size: 13px; color: #b8b8b8;\"><i>IKA Services<\/i><\/h2>\n<p style=\"text-align: justify; color: #b8b8b8;\">De la conception \u00e0 l&rsquo;ameublement, nous valorisons chaque coin de votre espace avec la d\u00e9coration ad\u00e9quate.<\/p>\n<p>[\/vc_column_text][vc_column_text css=\u00a0\u00bb.vc_custom_1607077470775{background-position: center !important;background-repeat: no-repeat !important;background-size: contain !important;}\u00a0\u00bb]<\/p>\n<p style=\"text-align: justify; color: #f15d45; hover-color: #ffffff; text-transform: uppercase;\"><a href=\"https:\/\/ikaservices.forcinet.ma\/index.php\/decoration-interieure-exterieure\/\">Plus de d\u00e9tails <i class=\"fas fa-arrow-right\"><\/i><\/a><\/p>\n<p>[\/vc_column_text][\/vc_column_inner][\/vc_row_inner][\/vc_column][vc_column width=\u00a0\u00bb1\/4&Prime;]<style scoped='scoped'>.mgt-promo-block-47315338921.mgt-promo-block.animated:hover .mgt-promo-block-content {background-color: rgba(0,0,0,0.5)!important;}<\/style><div class=\"mgt-promo-block animated white-text cover-image text-size-normal darken mgt-promo-block-47315338921 wpb_content_element\" data-style=\"background-image: url(https:\/\/ikaservices.forcinet.ma\/wp-content\/uploads\/2020\/09\/Decoration-Slider-Pic-1-1.jpg);background-repeat: no-repeat;width: 100%; height: 252px;\"><div class=\"mgt-promo-block-content va-bottom\"><div class=\"mgt-promo-block-content-inside vc_custom_1601238009941\"><i class=\"fa fa-2 fa-picture-o\"><!-- Icon --><\/i>\n<h3>Qui Sommes-Nous ?<\/h3>\n<div class=\"mgt-button-wrapper mgt-button-wrapper-align-left mgt-button-wrapper-display-newline mgt-button-top-margin-disable\"><a class=\"btn hvr-icon-wobble-horizontal mgt-button mgt-style-textwhite mgt-size-normal mgt-align-left mgt-display-newline mgt-text-size-small mgt-button-icon-position-right mgt-text-transform-uppercase \" href=\"#ikas\">D\u00c9COUVRIR<i class=\"fa fa-arrow-right\"><\/i><\/a><\/div><\/div><\/div><\/div>[vc_empty_space height=\u00a0\u00bb20px\u00a0\u00bb]<style scoped='scoped'>.mgt-promo-block-47315338921.mgt-promo-block.animated:hover .mgt-promo-block-content {background-color: rgba(0,0,0,0.5)!important;}<\/style><div class=\"mgt-promo-block animated white-text cover-image text-size-normal darken mgt-promo-block-47315338921 wpb_content_element\" data-style=\"background-image: url(https:\/\/ikaservices.forcinet.ma\/wp-content\/uploads\/2020\/09\/Amenagement-Bureaux-IKA-Services-2.jpg);background-repeat: no-repeat;width: 100%; height: 252px;\"><div class=\"mgt-promo-block-content va-bottom\"><div class=\"mgt-promo-block-content-inside vc_custom_1607077523786\"><i class=\"fa fa-2 fa-id-card-o\"><!-- Icon --><\/i>\n<h3>Contact<\/h3>\n<div class=\"mgt-button-wrapper mgt-button-wrapper-align-left mgt-button-wrapper-display-newline mgt-button-top-margin-disable\"><a class=\"btn hvr-icon-wobble-horizontal mgt-button mgt-style-textwhite mgt-size-normal mgt-align-left mgt-display-newline mgt-text-size-small mgt-button-icon-position-right mgt-text-transform-uppercase \" href=\"https:\/\/ikaservices.forcinet.ma\/index.php\/contact-devis\/\">D\u00c9COUVRIR<i class=\"fa fa-arrow-right\"><\/i><\/a><\/div><\/div><\/div><\/div>[\/vc_column][\/vc_row][vc_row full_width=\u00a0\u00bbstretch_row\u00a0\u00bb css=\u00a0\u00bb.vc_custom_1597845685194{padding-top: 50px !important;padding-bottom: 50px !important;}\u00a0\u00bb][vc_column width=\u00a0\u00bb1\/4&Prime;]<div class=\"mgt-counter-wrapper wpb_content_element text-black text-left\"><div class=\"mgt-counter-icon\"><i class=\"fa fa-building\"><\/i>\r\n<\/div><span class=\"mgt-counter-value\" data-from=\"0\" data-to=\"34\" data-speed=\"2000\" data-decimals=\"0\">34<\/span><h5 class=\"mgt-counter-title\">PROJETS DE CONSTRUCTION<\/h5><\/div>[\/vc_column][vc_column width=\u00a0\u00bb1\/4&Prime;]<div class=\"mgt-counter-wrapper wpb_content_element text-black text-left\"><div class=\"mgt-counter-icon\"><i class=\"fa fa-cubes\"><\/i>\r\n<\/div><span class=\"mgt-counter-value\" data-from=\"0\" data-to=\"87\" data-speed=\"2000\" data-decimals=\"0\">87<\/span><h5 class=\"mgt-counter-title\">PROJETS D&#039;AM\u00c9NAGEMENT<\/h5><\/div>[\/vc_column][vc_column width=\u00a0\u00bb1\/4&Prime;]<div class=\"mgt-counter-wrapper wpb_content_element text-black text-left\"><div class=\"mgt-counter-icon\"><i class=\"fa fa-holly-berry\"><\/i>\r\n<\/div><span class=\"mgt-counter-value\" data-from=\"0\" data-to=\"24\" data-speed=\"2000\" data-decimals=\"0\">24<\/span><h5 class=\"mgt-counter-title\">PROJETS DE D\u00c9CORATION<\/h5><\/div>[\/vc_column][vc_column width=\u00a0\u00bb1\/4&Prime;]<div class=\"mgt-counter-wrapper wpb_content_element text-black text-left\"><div class=\"mgt-counter-icon\"><i class=\"fa fa-users\"><\/i>\r\n<\/div><span class=\"mgt-counter-value\" data-from=\"0\" data-to=\"145\" data-speed=\"2000\" data-decimals=\"0\">145<\/span><h5 class=\"mgt-counter-title\">CLIENTS<\/h5><\/div>[\/vc_column][\/vc_row][vc_row][vc_column]<div class=\"mgt-header-block clearfix text-left text-black wpb_content_element  mgt-header-block-style-1 mgt-header-texttransform-header \"><h2 class=\"mgt-header-block-title\">Qui Sommes-Nous ?<\/h2><div class=\"mgt-header-line\"><\/div><\/div>[\/vc_column][\/vc_row][vc_row equal_height=\u00a0\u00bbyes\u00a0\u00bb css=\u00a0\u00bb.vc_custom_1599462526715{margin-bottom: 50px !important;}\u00a0\u00bb el_id=\u00a0\u00bbabout\u00a0\u00bb][vc_column width=\u00a0\u00bb1\/3&Prime; css=\u00a0\u00bb.vc_custom_1459186986556{margin-right: 0px !important;padding-right: 0px !important;}\u00a0\u00bb][vc_single_image image=\u00a0\u00bb462&Prime; img_size=\u00a0\u00bbfull\u00a0\u00bb][\/vc_column][vc_column width=\u00a0\u00bb1\/3&Prime; css=\u00a0\u00bb.vc_custom_1599462780690{margin-left: 0px !important;padding-left: 0px !important;}\u00a0\u00bb el_id=\u00a0\u00bbikas\u00a0\u00bb]<div class=\"mgt-promo-block black-text text-size-normal no-darken mgt-promo-block-75700987093 wpb_content_element\" data-style=\"background-color: #f5f5f5;width: 100%; height: 440px;\"><div class=\"mgt-promo-block-content va-top\"><div class=\"mgt-promo-block-content-inside vc_custom_1609189410946\">\n<h4 style=\"text-align: justify\">IKA Services &#8211; Pour Construire, Am\u00e9nager et D\u00e9corer<\/h4>\n<p style=\"text-align: justify\">Nous sommes une entreprise de services d&rsquo;une expertise de 12 ans en Construction, Am\u00e9nagement &amp; R\u00e9novation et D\u00e9coration.<br \/>\nGr\u00e2ce \u00e0 notre exp\u00e9rience, nous proposons \u00e0 nos clients des solutions cl\u00e9 en main permettant de g\u00e9rer leurs projets de bout en bout en construisant leurs b\u00e2timents, am\u00e9nageant et d\u00e9corant leurs espaces tout en assurant tous les travaux divers n\u00e9cessaires (carrelage, agencement, vid\u00e9o surveillance, peinture, pl\u00e2trerie, plomberie, menuiserie, isolation, syst\u00e8mes de s\u00e9curit\u00e9, c\u00e2blage et \u00e9lectricit\u00e9,\u2026).\n<\/div><\/div><\/div>[\/vc_column][vc_column width=\u00a0\u00bb1\/3&Prime;][vc_tta_accordion shape=\u00a0\u00bbsquare\u00a0\u00bb color=\u00a0\u00bbblack\u00a0\u00bb c_position=\u00a0\u00bbright\u00a0\u00bb active_section=\u00a0\u00bb1&Prime;][vc_tta_section i_icon_fontawesome=\u00a0\u00bbfab fa-codepen\u00a0\u00bb add_icon=\u00a0\u00bbtrue\u00a0\u00bb title=\u00a0\u00bbNOTRE MISSION\u00a0\u00bb tab_id=\u00a0\u00bbmission\u00a0\u00bb]<div class=\"mgt-icon-box wpb_content_element mgt-icon-box-right mgt-icon-fa mgt-icon-background mgt-icon-background-normal text-black \"><div class=\"mgt-icon-box-icon hvr-icon-push\"><div class=\"mgt-font-icon\"><i class=\"fa fa-users\"><\/i><\/div><\/div><div class=\"mgt-icon-box-content\"><h5>Expertise<\/h5><\/p>\n<p style=\"text-align: justify\">Notre mission est de r\u00e9aliser vos projets de construction, d&rsquo;am\u00e9nagement et de d\u00e9coration avec excellence et en nous appuyant sur des experts de haut qualibre.<\/p>\n<p><\/div><div class=\"clearfix\"><\/div><\/div>[\/vc_tta_section][vc_tta_section title=\u00a0\u00bbCOMMENT ?\u00a0\u00bb tab_id=\u00a0\u00bbtravaux\u00a0\u00bb][vc_column_text]<\/p>\n<p style=\"text-align: justify;\"><strong>Nous r\u00e9alisons vos projets cl\u00e9 en main en<\/strong>:<\/p>\n<p style=\"text-align: justify;\">Construction: en b\u00e9ton, bois et d&rsquo;autres mat\u00e9riaux.<\/p>\n<p style=\"text-align: justify;\">Am\u00e9nagement: agencement, carrelage, peinture, menuiserie, rev\u00eatement de sol, plomberie, isolation , rev\u00eatement mural, cloison de bureaux, parquet, pl\u00e2tre, faux plafonds Armstrong, \u00e9lectrice, c\u00e2blage informatique et t\u00e9l\u00e9phonique alarme vid\u00e9o surveillance, gestion parking, d\u00e9tection d\u2019incendie, contr\u00f4le d\u2019acc\u00e8s, climatisation&#8230;<\/p>\n<p style=\"text-align: justify;\">D\u00e9coration: conception, r\u00e9novation, ameublement, d\u00e9coration int\u00e9rieure et ext\u00e9rieure.<\/p>\n<p>[\/vc_column_text][\/vc_tta_section][\/vc_tta_accordion][\/vc_column][\/vc_row][vc_row full_width=\u00a0\u00bbstretch_row\u00a0\u00bb content_placement=\u00a0\u00bbmiddle\u00a0\u00bb css=\u00a0\u00bb.vc_custom_1597845580634{padding-top: 50px !important;padding-right: 50px !important;padding-bottom: 50px !important;padding-left: 50px !important;background-color: #e8e8e8 !important;background-position: center !important;background-repeat: no-repeat !important;background-size: cover !important;}\u00a0\u00bb][vc_column width=\u00a0\u00bb1\/3&Prime;]<div class=\"mgt-promo-block black-text text-size-normal no-darken mgt-promo-block-56512636915 wpb_content_element\" data-style=\"width: 100%; height: auto;\"><div class=\"mgt-promo-block-content va-bottom\"><div class=\"mgt-promo-block-content-inside vc_custom_1600955358726\">\n<h4>D\u00c9MARRONS VOTRE PROJET.<\/h4>\n<h3>UNE EXPERTISE DE 12 ANS AU MAROC<\/h3>\n<div class=\"mgt-button-wrapper mgt-button-wrapper-align-left mgt-button-wrapper-display-newline mgt-button-top-margin-enable\"><a class=\"btn hvr-bounce-to-right mgt-button mgt-style-solid-invert mgt-size-normal mgt-align-left mgt-display-newline mgt-text-size-normal mgt-button-icon-position-right mgt-text-transform-uppercase \" href=\"https:\/\/ikaservices.forcinet.ma\/index.php\/contact-devis\/\">Prenons Contact<i class=\"fa fa-arrow-right\"><\/i><\/a><\/div><\/div><\/div><\/div>[\/vc_column][vc_column width=\u00a0\u00bb2\/3&Prime; css=\u00a0\u00bb.vc_custom_1464193821535{background-image: url(http:\/\/placehold.it\/1600&#215;1200\/) !important;background-position: 0 0 !important;background-repeat: no-repeat !important;}\u00a0\u00bb][vc_single_image image=\u00a0\u00bb166&Prime; img_size=\u00a0\u00bbfull\u00a0\u00bb alignment=\u00a0\u00bbright\u00a0\u00bb css_animation=\u00a0\u00bbnone\u00a0\u00bb][\/vc_column][\/vc_row]<\/p>\n<\/div>","protected":false},"excerpt":{"rendered":"<p>[vc_row full_width=\u00a0\u00bbstretch_row\u00a0\u00bb full_height=\u00a0\u00bbyes\u00a0\u00bb css=\u00a0\u00bb.vc_custom_1601238909406{padding-bottom: -40px !important;background-image: url(https:\/\/ikaservices.forcinet.ma\/wp-content\/uploads\/2020\/09\/Homepage-picture-mask-IKA-Services-1.jpg?id=159) !important;background-position: center !important;background-repeat: no-repeat !important;background-size: cover !important;}\u00a0\u00bb][vc_column parallax=\u00a0\u00bbcontent-moving\u00a0\u00bb parallax_speed_bg=\u00a0\u00bb2&Prime; css_animation=\u00a0\u00bbbottom-to-top\u00a0\u00bb css=\u00a0\u00bb.vc_custom_1601223144300{margin-top: 40px !important;}\u00a0\u00bb][vc_column_text] IKA Services [\/vc_column_text][vc_column_text] Optez pour nos Solutions Cl\u00e9 en Main&#8230;<\/p>\n","protected":false},"author":1,"featured_media":0,"parent":0,"menu_order":0,"comment_status":"closed","ping_status":"closed","template":"","meta":{"footnotes":""},"class_list":["post-155","page","type-page","status-publish","hentry"],"yoast_head":"<!-- This site is optimized with the Yoast SEO plugin v23.4 - https:\/\/yoast.com\/wordpress\/plugins\/seo\/ -->\n<title>IKA Services - Construction, Am\u00e9nagement et D\u00e9coration<\/title>\n<meta name=\"description\" content=\"IKA Services g\u00e8re vos projets de construction, am\u00e9nagement, r\u00e9novation et d\u00e9coration de bout en bout avec tous les travaux divers n\u00e9cessaires.\" \/>\n<meta name=\"robots\" content=\"index, follow, max-snippet:-1, max-image-preview:large, max-video-preview:-1\" \/>\n<link rel=\"canonical\" href=\"https:\/\/ikaservices.forcinet.ma\/\" \/>\n<meta property=\"og:locale\" content=\"fr_FR\" \/>\n<meta property=\"og:type\" content=\"article\" \/>\n<meta property=\"og:title\" content=\"IKA Services - Construction, Am\u00e9nagement, R\u00e9novation et D\u00e9coration\" \/>\n<meta property=\"og:description\" content=\"IKA Services g\u00e8re vos projets de construction, am\u00e9nagement, r\u00e9novation et d\u00e9coration de bout en bout avec tous les travaux divers n\u00e9cessaires.\" \/>\n<meta property=\"og:url\" content=\"https:\/\/ikaservices.forcinet.ma\/\" \/>\n<meta property=\"og:site_name\" content=\"IKA Services\" \/>\n<meta property=\"article:modified_time\" content=\"2020-12-28T21:31:42+00:00\" \/>\n<meta property=\"og:image\" content=\"https:\/\/ikaservices.forcinet.ma\/wp-content\/uploads\/2020\/09\/Homepage-picture-mask-IKA-Services-1.jpg\" \/>\n\t<meta property=\"og:image:width\" content=\"1400\" \/>\n\t<meta property=\"og:image:height\" content=\"933\" \/>\n\t<meta property=\"og:image:type\" content=\"image\/jpeg\" \/>\n<meta name=\"twitter:card\" content=\"summary_large_image\" \/>\n<meta name=\"twitter:title\" content=\"IKA Services - Construction, Am\u00e9nagement, R\u00e9novation et D\u00e9coration\" \/>\n<meta name=\"twitter:description\" content=\"IKA Services g\u00e8re vos projets de construction, am\u00e9nagement, r\u00e9novation et d\u00e9coration de bout en bout avec tous les travaux divers n\u00e9cessaires.\" \/>\n<meta name=\"twitter:image\" content=\"https:\/\/ikaservices.forcinet.ma\/wp-content\/uploads\/2020\/09\/Homepage-picture-mask-IKA-Services-1.jpg\" \/>\n<meta name=\"twitter:label1\" content=\"Dur\u00e9e de lecture estim\u00e9e\" \/>\n\t<meta name=\"twitter:data1\" content=\"7 minutes\" \/>\n<script type=\"application\/ld+json\" class=\"yoast-schema-graph\">{\"@context\":\"https:\/\/schema.org\",\"@graph\":[{\"@type\":\"WebPage\",\"@id\":\"https:\/\/ikaservices.forcinet.ma\/\",\"url\":\"https:\/\/ikaservices.forcinet.ma\/\",\"name\":\"IKA Services - Construction, Am\u00e9nagement et D\u00e9coration\",\"isPartOf\":{\"@id\":\"https:\/\/ikaservices.forcinet.ma\/#website\"},\"datePublished\":\"2020-09-02T20:08:55+00:00\",\"dateModified\":\"2020-12-28T21:31:42+00:00\",\"description\":\"IKA Services g\u00e8re vos projets de construction, am\u00e9nagement, r\u00e9novation et d\u00e9coration de bout en bout avec tous les travaux divers n\u00e9cessaires.\",\"inLanguage\":\"fr-FR\",\"potentialAction\":[{\"@type\":\"ReadAction\",\"target\":[\"https:\/\/ikaservices.forcinet.ma\/\"]}]},{\"@type\":\"WebSite\",\"@id\":\"https:\/\/ikaservices.forcinet.ma\/#website\",\"url\":\"https:\/\/ikaservices.forcinet.ma\/\",\"name\":\"IKA Services\",\"description\":\"Construction, Am\u00e9nagement &amp; D\u00e9coration\",\"potentialAction\":[{\"@type\":\"SearchAction\",\"target\":{\"@type\":\"EntryPoint\",\"urlTemplate\":\"https:\/\/ikaservices.forcinet.ma\/?s={search_term_string}\"},\"query-input\":{\"@type\":\"PropertyValueSpecification\",\"valueRequired\":true,\"valueName\":\"search_term_string\"}}],\"inLanguage\":\"fr-FR\"}]}<\/script>\n<!-- \/ Yoast SEO plugin. -->","yoast_head_json":{"title":"IKA Services - Construction, Am\u00e9nagement et D\u00e9coration","description":"IKA Services g\u00e8re vos projets de construction, am\u00e9nagement, r\u00e9novation et d\u00e9coration de bout en bout avec tous les travaux divers n\u00e9cessaires.","robots":{"index":"index","follow":"follow","max-snippet":"max-snippet:-1","max-image-preview":"max-image-preview:large","max-video-preview":"max-video-preview:-1"},"canonical":"https:\/\/ikaservices.forcinet.ma\/","og_locale":"fr_FR","og_type":"article","og_title":"IKA Services - Construction, Am\u00e9nagement, R\u00e9novation et D\u00e9coration","og_description":"IKA Services g\u00e8re vos projets de construction, am\u00e9nagement, r\u00e9novation et d\u00e9coration de bout en bout avec tous les travaux divers n\u00e9cessaires.","og_url":"https:\/\/ikaservices.forcinet.ma\/","og_site_name":"IKA Services","article_modified_time":"2020-12-28T21:31:42+00:00","og_image":[{"width":1400,"height":933,"url":"https:\/\/ikaservices.forcinet.ma\/wp-content\/uploads\/2020\/09\/Homepage-picture-mask-IKA-Services-1.jpg","type":"image\/jpeg"}],"twitter_card":"summary_large_image","twitter_title":"IKA Services - Construction, Am\u00e9nagement, R\u00e9novation et D\u00e9coration","twitter_description":"IKA Services g\u00e8re vos projets de construction, am\u00e9nagement, r\u00e9novation et d\u00e9coration de bout en bout avec tous les travaux divers n\u00e9cessaires.","twitter_image":"https:\/\/ikaservices.forcinet.ma\/wp-content\/uploads\/2020\/09\/Homepage-picture-mask-IKA-Services-1.jpg","twitter_misc":{"Dur\u00e9e de lecture estim\u00e9e":"7 minutes"},"schema":{"@context":"https:\/\/schema.org","@graph":[{"@type":"WebPage","@id":"https:\/\/ikaservices.forcinet.ma\/","url":"https:\/\/ikaservices.forcinet.ma\/","name":"IKA Services - Construction, Am\u00e9nagement et D\u00e9coration","isPartOf":{"@id":"https:\/\/ikaservices.forcinet.ma\/#website"},"datePublished":"2020-09-02T20:08:55+00:00","dateModified":"2020-12-28T21:31:42+00:00","description":"IKA Services g\u00e8re vos projets de construction, am\u00e9nagement, r\u00e9novation et d\u00e9coration de bout en bout avec tous les travaux divers n\u00e9cessaires.","inLanguage":"fr-FR","potentialAction":[{"@type":"ReadAction","target":["https:\/\/ikaservices.forcinet.ma\/"]}]},{"@type":"WebSite","@id":"https:\/\/ikaservices.forcinet.ma\/#website","url":"https:\/\/ikaservices.forcinet.ma\/","name":"IKA Services","description":"Construction, Am\u00e9nagement &amp; D\u00e9coration","potentialAction":[{"@type":"SearchAction","target":{"@type":"EntryPoint","urlTemplate":"https:\/\/ikaservices.forcinet.ma\/?s={search_term_string}"},"query-input":{"@type":"PropertyValueSpecification","valueRequired":true,"valueName":"search_term_string"}}],"inLanguage":"fr-FR"}]}},"_links":{"self":[{"href":"https:\/\/ikaservices.forcinet.ma\/index.php\/wp-json\/wp\/v2\/pages\/155"}],"collection":[{"href":"https:\/\/ikaservices.forcinet.ma\/index.php\/wp-json\/wp\/v2\/pages"}],"about":[{"href":"https:\/\/ikaservices.forcinet.ma\/index.php\/wp-json\/wp\/v2\/types\/page"}],"author":[{"embeddable":true,"href":"https:\/\/ikaservices.forcinet.ma\/index.php\/wp-json\/wp\/v2\/users\/1"}],"replies":[{"embeddable":true,"href":"https:\/\/ikaservices.forcinet.ma\/index.php\/wp-json\/wp\/v2\/comments?post=155"}],"version-history":[{"count":75,"href":"https:\/\/ikaservices.forcinet.ma\/index.php\/wp-json\/wp\/v2\/pages\/155\/revisions"}],"predecessor-version":[{"id":484,"href":"https:\/\/ikaservices.forcinet.ma\/index.php\/wp-json\/wp\/v2\/pages\/155\/revisions\/484"}],"wp:attachment":[{"href":"https:\/\/ikaservices.forcinet.ma\/index.php\/wp-json\/wp\/v2\/media?parent=155"}],"curies":[{"name":"wp","href":"https:\/\/api.w.org\/{rel}","templated":true}]}}